{"id":109,"date":"2015-07-01T05:31:07","date_gmt":"2015-07-01T05:31:07","guid":{"rendered":"http:\/\/plenaserigrafia.com.br\/site\/?page_id=109"},"modified":"2015-07-01T05:31:07","modified_gmt":"2015-07-01T05:31:07","slug":"sobre-nos","status":"publish","type":"page","link":"http:\/\/plenaserigrafia.com.br\/site\/index.php\/sobre-nos\/","title":{"rendered":"Sobre n\u00f3s"},"content":{"rendered":"<p><iframe loading=\"lazy\" width=\"620\" height=\"349\" src=\"https:\/\/www.youtube.com\/embed\/OHZmLvNkSiU?feature=oembed\" frameborder=\"0\" allowfullscreen><\/iframe><\/p>\n<p>Somos uma empresa voltada para o que h\u00e1 de melhor na obten\u00e7\u00e3o de resultados advindos da t\u00e9cnica da impress\u00e3o serigr\u00e1fica,viabilizando as possibilidades criativas com dedica\u00e7\u00e3o e personalidade. Aperfei\u00e7oamos com procedimentos apurados, e muita arte, o universo de possibilidades da impress\u00e3o serigr\u00e1fica.<\/p>\n<p>Atendemos Ag\u00eancias de Propaganda, Marketing, Eventos, Promo\u00e7\u00f5es, Advocacias, Engenharias, Construtoras, Consult\u00f3rios, \u00a0Boutiques, Designer, Grifes, Ind\u00fastrias, Restaurantes, \u00a0Hot\u00e9is, Administradoras e tantos outros segmentos que apresentam para os seus clientes, criatividade, bom gosto excel\u00eancia e qualidade em seus cart\u00f5es de visita, envelopes, pap\u00e9is carta, folders, mostru\u00e1rios, card\u00e1pios, tags, pastas, postais, adesivos de papel ou vinil.<\/p>\n","protected":false},"excerpt":{"rendered":"<p>Somos uma empresa voltada para o que h\u00e1 de melhor na obten\u00e7\u00e3o de resultados advindos da t\u00e9cnica da impress\u00e3o serigr\u00e1fica,viabilizando as possibilidades criativas com dedica\u00e7\u00e3o e personalidade. Aperfei\u00e7oamos&#8230;<\/p>\n","protected":false},"author":1,"featured_media":0,"parent":0,"menu_order":0,"comment_status":"open","ping_status":"open","template":"","meta":[],"_links":{"self":[{"href":"http:\/\/plenaserigrafia.com.br\/site\/index.php\/wp-json\/wp\/v2\/pages\/109"}],"collection":[{"href":"http:\/\/plenaserigrafia.com.br\/site\/index.php\/wp-json\/wp\/v2\/pages"}],"about":[{"href":"http:\/\/plenaserigrafia.com.br\/site\/index.php\/wp-json\/wp\/v2\/types\/page"}],"author":[{"embeddable":true,"href":"http:\/\/plenaserigrafia.com.br\/site\/index.php\/wp-json\/wp\/v2\/users\/1"}],"replies":[{"embeddable":true,"href":"http:\/\/plenaserigrafia.com.br\/site\/index.php\/wp-json\/wp\/v2\/comments?post=109"}],"version-history":[{"count":1,"href":"http:\/\/plenaserigrafia.com.br\/site\/index.php\/wp-json\/wp\/v2\/pages\/109\/revisions"}],"predecessor-version":[{"id":110,"href":"http:\/\/plenaserigrafia.com.br\/site\/index.php\/wp-json\/wp\/v2\/pages\/109\/revisions\/110"}],"wp:attachment":[{"href":"http:\/\/plenaserigrafia.com.br\/site\/index.php\/wp-json\/wp\/v2\/media?parent=109"}],"curies":[{"name":"wp","href":"https:\/\/api.w.org\/{rel}","templated":true}]}}